{"id":3,"date":"2018-06-27T07:58:02","date_gmt":"2018-06-27T07:58:02","guid":{"rendered":"https:\/\/www.a51.cc\/?page_id=3"},"modified":"2023-02-01T21:23:12","modified_gmt":"2023-02-01T21:23:12","slug":"privacy-policy","status":"publish","type":"page","link":"https:\/\/www.a51.cc\/?page_id=3","title":{"rendered":"Privacy Policy"},"content":{"rendered":"<p>Privacy Policy<\/p>\n<p>MODALITA&#8217; E FINALITA&#8217; DEL TRATTAMENTO<br \/>\nI dati personali verranno trattati per mezzo di strumenti informatico\/telematici per finalit\u00e0 strettamente necessarie alla consultazione del sito www.a51.cc nonch\u00e8 per finalit\u00e0 connesse e\/o strumentali alla consultazione stessa. Il trattamento dei dati avverr\u00e0 per mezzo di strumenti e con modalit\u00e0 volte ad assicurare la riservatezza e la sicurezza dei dati, nel rispetto di quanto definito negli articoli 33 e seguenti del D. Lgs. 30 giugno 2003 n. 196 e in conformit\u00e0 alla normativa vigente.<br \/>\nCOOKIE POLICY<\/p>\n<p>I cookie sono informazioni immesse sul browser dell\u2019utente che visita un sito web o utilizza un social network con pc, smartphone o tablet. Ogni cookie contiene diversi dati come, ad esempio, il nome del server da cui proviene, un identificatore numerico, ecc.<\/p>\n<p>I cookie possono rimanere nel sistema per la durata di una sessione (cio\u00e8 fino a che non si chiude il browser utilizzato per la navigazione sul web) o per lunghi periodi e possono contenere un codice identificativo unico.<\/p>\n<p>Questo sito utilizza cookies tecnici, ovvero cookies di navigazione, cookies analytics gestiti internamente in forma aggregata e cookies di funzionalit\u00e0. In fase di attribuzione codice utente e password \u00e8 richiesto il consenso all\u2019utilizzo, in caso di variazione \u00e8 chiesto il consenso tramite popup. La revoca del consenso all\u2019utilizzo comporta il blocco della completa funzionalit\u00e0 del sito.<\/p>\n<p>COOKIES TECNICI: sono utilizzati per eseguire autenticazioni informatiche, monitoraggio di sessioni e memorizzazione di informazioni specifiche sugli utenti che accedono ad una pagina web. Questi cookie sono utili perch\u00e9 rendono pi\u00f9 veloce e rapida la navigazione e fruizione del sito facilitando alcune procedure.<\/p>\n<p>I cookies tecnici sono costantemente abilitati indipendentemente dalle preferenze dell&#8217;utente e sono strettamente necessari per eseguire le funzionalit\u00e0 di base del sito. Per l&#8217;installazione di tali cookies non \u00e8 richiesto il preventivo consenso degli utenti.<\/p>\n<p>I dati personali sono trattati in forma automatizzata come prescritto ai sensi del decreto legislativo 30 giugno 2003, n. 196. Titolare di tale trattamento \u00e8 AREA51 DI BALDI LEONARDO ., con sede in via CIOCCHE, 1029S a Querceta. Lei potr\u00e0 esercitare i diritti di cui all&#8217;articolo 13 (accesso, correzione, cancellazione, opposizione al trattamento, ecc.) rivolgendosi direttamente a noi tramite normale mail<\/p>\n<h2><\/h2>\n<h3><\/h3>\n<h3><\/h3>\n<h3><\/h3>\n<h2><\/h2>\n<h2><\/h2>\n<h2><\/h2>\n<h2><\/h2>\n<h2><\/h2>\n<h2><\/h2>\n<h3><\/h3>\n<h3><\/h3>\n<h3><\/h3>\n","protected":false},"excerpt":{"rendered":"<p>Privacy Policy MODALITA&#8217; E FINALITA&#8217; DEL TRATTAMENTO I dati personali verranno trattati per mezzo di strumenti informatico\/telematici per finalit\u00e0 strettamente necessarie alla consultazione del sito www.a51.cc nonch\u00e8 per finalit\u00e0 connesse e\/o strumentali alla consultazione stessa. Il trattamento dei dati avverr\u00e0 per mezzo di strumenti e con modalit\u00e0 volte ad assicurare la riservatezza e la sicurezza [&hellip;]<\/p>\n","protected":false},"author":1,"featured_media":0,"parent":0,"menu_order":0,"comment_status":"closed","ping_status":"open","template":"","meta":{"ngg_post_thumbnail":0,"footnotes":""},"class_list":["post-3","page","type-page","status-publish","hentry"],"_links":{"self":[{"href":"https:\/\/www.a51.cc\/index.php?rest_route=\/wp\/v2\/pages\/3","targetHints":{"allow":["GET"]}}],"collection":[{"href":"https:\/\/www.a51.cc\/index.php?rest_route=\/wp\/v2\/pages"}],"about":[{"href":"https:\/\/www.a51.cc\/index.php?rest_route=\/wp\/v2\/types\/page"}],"author":[{"embeddable":true,"href":"https:\/\/www.a51.cc\/index.php?rest_route=\/wp\/v2\/users\/1"}],"replies":[{"embeddable":true,"href":"https:\/\/www.a51.cc\/index.php?rest_route=%2Fwp%2Fv2%2Fcomments&post=3"}],"version-history":[{"count":4,"href":"https:\/\/www.a51.cc\/index.php?rest_route=\/wp\/v2\/pages\/3\/revisions"}],"predecessor-version":[{"id":182,"href":"https:\/\/www.a51.cc\/index.php?rest_route=\/wp\/v2\/pages\/3\/revisions\/182"}],"wp:attachment":[{"href":"https:\/\/www.a51.cc\/index.php?rest_route=%2Fwp%2Fv2%2Fmedia&parent=3"}],"curies":[{"name":"wp","href":"https:\/\/api.w.org\/{rel}","templated":true}]}}