{"id":84,"date":"2018-07-13T11:16:22","date_gmt":"2018-07-13T11:16:22","guid":{"rendered":"https:\/\/www.a51.cc\/?page_id=84"},"modified":"2023-02-13T21:29:41","modified_gmt":"2023-02-13T21:29:41","slug":"intro","status":"publish","type":"page","link":"https:\/\/www.a51.cc\/?page_id=84","title":{"rendered":"Azienda"},"content":{"rendered":"<h3><strong><img loading=\"lazy\" decoding=\"async\" class=\"alignnone size-full wp-image-22\" src=\"https:\/\/www.a51.cc\/wp-content\/uploads\/2018\/07\/loghetto_a51.png\" alt=\"\" width=\"143\" height=\"122\"><\/strong><\/h3>\n<h3><strong>Area 51 nasce nel settembre del 2019 sotto la guida di Baldi Leonardo.<br \/>\n<\/strong><\/h3>\n<p>L&#8217;azienda nasce appunto dalla grande passione per la meccanica e pi\u00f9 specificatamente per tutto ci\u00f2 che concerne le lavorazioni alle macchine utensili e il mondo della saldatura.&nbsp; Area 51 \u00e8 infatti una piccola azienda in espansione che si impegna a realizzare manufatti meccanici su misura, prototipi o piccoli lotti di produzione che richiedano queste lavorazioni.<\/p>\n<p>Grazie alla versatilit\u00e0 dell&#8217;officina, Area 51 riesce ad operare e a soddisfare richieste in molti settori produttivi come ad&#8217;esempio nel lapideo, nel navale, nel farmaceutico e nel design.<\/p>\n<p>Area 51 sostiene inoltre che un buon legame fra gli interlocutori sia fondamentale e si propone perci\u00f2 ai collaboratori impegnandosi innanzitutto ad instaurare un rapporto cordiale e di fiducia, e successivamente si impegna ad offrirsi come fornitore serio, affidabile, puntuale e preciso.<\/p>\n<p>&nbsp;<\/p>\n<p>&nbsp;<\/p>\n<p>&nbsp;<\/p>\n<h3>&nbsp;<\/h3>\n<h3><strong>&nbsp;<\/strong><\/h3>\n<h3><strong>&nbsp;<\/strong><\/h3>\n<h3><em>&nbsp;<\/em><\/h3>\n<h3><em>&nbsp;<\/em><\/h3>\n<h3><strong>&nbsp;<\/strong><\/h3>\n<h3><strong>&nbsp;<\/strong><\/h3>\n<p>&nbsp;<\/p>\n","protected":false},"excerpt":{"rendered":"<p>Area 51 nasce nel settembre del 2019 sotto la guida di Baldi Leonardo. L&#8217;azienda nasce appunto dalla grande passione per la meccanica e pi\u00f9 specificatamente per tutto ci\u00f2 che concerne le lavorazioni alle macchine utensili e il mondo della saldatura.&nbsp; Area 51 \u00e8 infatti una piccola azienda in espansione che si impegna a realizzare manufatti [&hellip;]<\/p>\n","protected":false},"author":2,"featured_media":0,"parent":0,"menu_order":0,"comment_status":"closed","ping_status":"closed","template":"","meta":{"ngg_post_thumbnail":0,"footnotes":""},"class_list":["post-84","page","type-page","status-publish","hentry"],"_links":{"self":[{"href":"https:\/\/www.a51.cc\/index.php?rest_route=\/wp\/v2\/pages\/84","targetHints":{"allow":["GET"]}}],"collection":[{"href":"https:\/\/www.a51.cc\/index.php?rest_route=\/wp\/v2\/pages"}],"about":[{"href":"https:\/\/www.a51.cc\/index.php?rest_route=\/wp\/v2\/types\/page"}],"author":[{"embeddable":true,"href":"https:\/\/www.a51.cc\/index.php?rest_route=\/wp\/v2\/users\/2"}],"replies":[{"embeddable":true,"href":"https:\/\/www.a51.cc\/index.php?rest_route=%2Fwp%2Fv2%2Fcomments&post=84"}],"version-history":[{"count":14,"href":"https:\/\/www.a51.cc\/index.php?rest_route=\/wp\/v2\/pages\/84\/revisions"}],"predecessor-version":[{"id":256,"href":"https:\/\/www.a51.cc\/index.php?rest_route=\/wp\/v2\/pages\/84\/revisions\/256"}],"wp:attachment":[{"href":"https:\/\/www.a51.cc\/index.php?rest_route=%2Fwp%2Fv2%2Fmedia&parent=84"}],"curies":[{"name":"wp","href":"https:\/\/api.w.org\/{rel}","templated":true}]}}